{"id":1133,"date":"2024-06-28T19:11:35","date_gmt":"2024-06-28T17:11:35","guid":{"rendered":"https:\/\/demo.smartfreq.hu\/?page_id=1133"},"modified":"2024-07-29T16:45:26","modified_gmt":"2024-07-29T14:45:26","slug":"rfid-megoldasok-az-egeszsegugyben","status":"publish","type":"page","link":"https:\/\/smartfreq.hu\/en\/rfid-megoldasok-az-egeszsegugyben\/","title":{"rendered":"Healthcare RFID Solutions"},"content":{"rendered":"\t\t<div data-elementor-type=\"wp-page\" data-elementor-id=\"1133\" class=\"elementor elementor-1133\" data-elementor-settings=\"{&quot;element_pack_global_tooltip_width&quot;:{&quot;unit&quot;:&quot;px&quot;,&quot;size&quot;:&quot;&quot;,&quot;sizes&quot;:[]},&quot;element_pack_global_tooltip_width_tablet&quot;:{&quot;unit&quot;:&quot;px&quot;,&quot;size&quot;:&quot;&quot;,&quot;sizes&quot;:[]},&quot;element_pack_global_tooltip_width_mobile&quot;:{&quot;unit&quot;:&quot;px&quot;,&quot;size&quot;:&quot;&quot;,&quot;sizes&quot;:[]},&quot;element_pack_global_tooltip_padding&quot;:{&quot;unit&quot;:&quot;px&quot;,&quot;top&quot;:&quot;&quot;,&quot;right&quot;:&quot;&quot;,&quot;bottom&quot;:&quot;&quot;,&quot;left&quot;:&quot;&quot;,&quot;isLinked&quot;:true},&quot;element_pack_global_tooltip_padding_tablet&quot;:{&quot;unit&quot;:&quot;px&quot;,&quot;top&quot;:&quot;&quot;,&quot;right&quot;:&quot;&quot;,&quot;bottom&quot;:&quot;&quot;,&quot;left&quot;:&quot;&quot;,&quot;isLinked&quot;:true},&quot;element_pack_global_tooltip_padding_mobile&quot;:{&quot;unit&quot;:&quot;px&quot;,&quot;top&quot;:&quot;&quot;,&quot;right&quot;:&quot;&quot;,&quot;bottom&quot;:&quot;&quot;,&quot;left&quot;:&quot;&quot;,&quot;isLinked&quot;:true},&quot;element_pack_global_tooltip_border_radius&quot;:{&quot;unit&quot;:&quot;px&quot;,&quot;top&quot;:&quot;&quot;,&quot;right&quot;:&quot;&quot;,&quot;bottom&quot;:&quot;&quot;,&quot;left&quot;:&quot;&quot;,&quot;isLinked&quot;:true},&quot;element_pack_global_tooltip_border_radius_tablet&quot;:{&quot;unit&quot;:&quot;px&quot;,&quot;top&quot;:&quot;&quot;,&quot;right&quot;:&quot;&quot;,&quot;bottom&quot;:&quot;&quot;,&quot;left&quot;:&quot;&quot;,&quot;isLinked&quot;:true},&quot;element_pack_global_tooltip_border_radius_mobile&quot;:{&quot;unit&quot;:&quot;px&quot;,&quot;top&quot;:&quot;&quot;,&quot;right&quot;:&quot;&quot;,&quot;bottom&quot;:&quot;&quot;,&quot;left&quot;:&quot;&quot;,&quot;isLinked&quot;:true}}\">\n\t\t\t\t\t\t<section class=\"elementor-section elementor-top-section elementor-element elementor-element-19ebc73 elementor-section-boxed elementor-section-height-default elementor-section-height-default\" data-id=\"19ebc73\" data-element_type=\"section\" data-e-type=\"section\">\n\t\t\t\t\t\t<div class=\"elementor-container elementor-column-gap-default\">\n\t\t\t\t\t<div class=\"aux-parallax-section elementor-column elementor-col-100 elementor-top-column elementor-element elementor-element-aa47a20\" data-id=\"aa47a20\" data-element_type=\"column\" data-e-type=\"column\">\n\t\t\t<div class=\"elementor-widget-wrap elementor-element-populated\">\n\t\t\t\t\t\t<div class=\"elementor-element elementor-element-a692029 elementor-widget__width-initial elementor-widget elementor-widget-heading\" data-id=\"a692029\" data-element_type=\"widget\" data-e-type=\"widget\" data-settings=\"{&quot;ep_notation_list&quot;:[{&quot;_id&quot;:&quot;daaec0d&quot;,&quot;ep_notation_bracket_on&quot;:null,&quot;ep_notation_color&quot;:&quot;#4B66A1&quot;,&quot;__globals__&quot;:{&quot;ep_notation_color&quot;:&quot;&quot;},&quot;ep_notation_select_type&quot;:&quot;widget&quot;,&quot;ep_notation_custom_selector&quot;:null,&quot;ep_notation_type&quot;:&quot;underline&quot;,&quot;ep_notation_anim_duration&quot;:{&quot;unit&quot;:&quot;px&quot;,&quot;size&quot;:800,&quot;sizes&quot;:[]},&quot;ep_notation_stroke_width&quot;:{&quot;unit&quot;:&quot;px&quot;,&quot;size&quot;:1,&quot;sizes&quot;:[]},&quot;ep_notation_waypoint_offset&quot;:&quot;&quot;}],&quot;ep_notation_active&quot;:&quot;yes&quot;}\" data-widget_type=\"heading.default\">\n\t\t\t\t<div class=\"elementor-widget-container\">\n\t\t\t\t\t<h1 class=\"elementor-heading-title elementor-size-default\">RFID megold\u00e1sok az eg\u00e9szs\u00e9g\u00fcgyben <\/h1>\t\t\t\t<\/div>\n\t\t\t\t<\/div>\n\t\t\t\t<div class=\"elementor-element elementor-element-e64bee3 elementor-widget-divider--view-line elementor-widget elementor-widget-divider\" data-id=\"e64bee3\" data-element_type=\"widget\" data-e-type=\"widget\" data-widget_type=\"divider.default\">\n\t\t\t\t<div class=\"elementor-widget-container\">\n\t\t\t\t\t\t\t<div class=\"elementor-divider\">\n\t\t\t<span class=\"elementor-divider-separator\">\n\t\t\t\t\t\t<\/span>\n\t\t<\/div>\n\t\t\t\t\t\t<\/div>\n\t\t\t\t<\/div>\n\t\t\t\t<div class=\"elementor-element elementor-element-1b56258 elementor-widget elementor-widget-heading\" data-id=\"1b56258\" data-element_type=\"widget\" data-e-type=\"widget\" data-widget_type=\"heading.default\">\n\t\t\t\t<div class=\"elementor-widget-container\">\n\t\t\t\t\t<h2 class=\"elementor-heading-title elementor-size-default\">Seb\u00e9szeti szettek k\u00f6vet\u00e9se<\/h2>\t\t\t\t<\/div>\n\t\t\t\t<\/div>\n\t\t\t\t<div class=\"elementor-element elementor-element-5f78311 elementor-widget elementor-widget-text-editor\" data-id=\"5f78311\" data-element_type=\"widget\" data-e-type=\"widget\" data-widget_type=\"text-editor.default\">\n\t\t\t\t<div class=\"elementor-widget-container\">\n\t\t\t\t\t\t\t\t\t<p>A &#8222;seb\u00e9szeti szettek k\u00f6vet\u00e9se&#8221; az eg\u00e9szs\u00e9g\u00fcgyben RFID (r\u00e1di\u00f3frekvenci\u00e1s azonos\u00edt\u00e1s) technol\u00f3gia alkalmaz\u00e1s\u00e1t jelenti a seb\u00e9szeti eszk\u00f6z\u00f6k \u00e9s szettek nyomon k\u00f6vet\u00e9s\u00e9re. Ez a technol\u00f3gia sz\u00e1mos el\u0151nnyel j\u00e1rhat a k\u00f3rh\u00e1zak \u00e9s klinik\u00e1k sz\u00e1m\u00e1ra, jav\u00edtva az eszk\u00f6zmenedzsmentet, a k\u00e9szletkezel\u00e9st, \u00e9s a betegbiztons\u00e1got. Az al\u00e1bbiakban r\u00e9szletezem, hogyan m\u0171k\u00f6dik \u00e9s milyen el\u0151ny\u00f6ket ny\u00fajt a seb\u00e9szeti szettek k\u00f6vet\u00e9se RFID seg\u00edts\u00e9g\u00e9vel:<\/p><h4>Hogyan m\u0171k\u00f6dik az RFID technol\u00f3gia a seb\u00e9szeti szettek k\u00f6vet\u00e9s\u00e9ben?<\/h4><ol><li><strong>RFID C\u00edmk\u00e9k<\/strong>: Minden seb\u00e9szeti eszk\u00f6zt vagy szettet RFID c\u00edmk\u00e9kkel l\u00e1tj\u00e1k el. Ezek a c\u00edmk\u00e9k egyedi azonos\u00edt\u00f3kat tartalmaznak, amelyek r\u00e1di\u00f3frekvenci\u00e1s jelekkel kommunik\u00e1lnak.<\/li><li><strong>RFID Olvas\u00f3k<\/strong>: Az RFID olvas\u00f3kat strat\u00e9giai helyekre helyezik el a k\u00f3rh\u00e1zban, p\u00e9ld\u00e1ul m\u0171t\u0151kben, steriliz\u00e1l\u00f3 egys\u00e9gekben \u00e9s t\u00e1rol\u00f3helyis\u00e9gekben.<\/li><li><strong>Adatkezel\u00e9s<\/strong>: Az RFID olvas\u00f3k \u00e1ltal gy\u0171jt\u00f6tt adatokat k\u00f6zponti adatb\u00e1zisba tov\u00e1bb\u00edtj\u00e1k, ahol azokat feldolgozz\u00e1k \u00e9s nyomon k\u00f6vetik.<\/li><\/ol><h4>El\u0151ny\u00f6k<\/h4><ol><li><strong>Pontoss\u00e1g \u00e9s Hat\u00e9konys\u00e1g<\/strong>:<ul><li>Az RFID technol\u00f3gia lehet\u0151v\u00e9 teszi az eszk\u00f6z\u00f6k automatikus \u00e9s pontos nyomon k\u00f6vet\u00e9s\u00e9t, cs\u00f6kkentve az emberi hib\u00e1k lehet\u0151s\u00e9g\u00e9t.<\/li><li>Gyors\u00edtja az eszk\u00f6z\u00f6k azonos\u00edt\u00e1s\u00e1t \u00e9s helyzet\u00fck meghat\u00e1roz\u00e1s\u00e1t, ami k\u00fcl\u00f6n\u00f6sen hasznos a m\u0171t\u00e9tek el\u0151k\u00e9sz\u00edt\u00e9se \u00e9s ut\u00f3kezel\u00e9se sor\u00e1n.<\/li><\/ul><\/li><li><strong>K\u00e9szletkezel\u00e9s<\/strong>:<ul><li>Seg\u00edt a k\u00e9szlet val\u00f3s idej\u0171 nyomon k\u00f6vet\u00e9s\u00e9ben, biztos\u00edtva, hogy a sz\u00fcks\u00e9ges eszk\u00f6z\u00f6k mindig el\u00e9rhet\u0151k legyenek.<\/li><li>Cs\u00f6kkenti az elveszett vagy hi\u00e1nyz\u00f3 eszk\u00f6z\u00f6k sz\u00e1m\u00e1t, \u00e9s optimaliz\u00e1lja az eszk\u00f6z\u00f6k \u00fajrafelhaszn\u00e1l\u00e1s\u00e1t \u00e9s karbantart\u00e1s\u00e1t.<\/li><\/ul><\/li><li><strong>Betegbiztons\u00e1g<\/strong>:<ul><li>Biztos\u00edtja, hogy minden steriliz\u00e1ci\u00f3s l\u00e9p\u00e9s pontosan k\u00f6vetve legyen, \u00edgy minimaliz\u00e1lva a fert\u0151z\u00e9s kock\u00e1zat\u00e1t.<\/li><li>Nyomon k\u00f6veti, hogy mely eszk\u00f6z\u00f6ket haszn\u00e1lt\u00e1k mely betegekn\u00e9l, ami hasznos lehet egy esetleges visszah\u00edv\u00e1s vagy fert\u0151z\u00e9s eset\u00e9n.<\/li><\/ul><\/li><li><strong>K\u00f6lts\u00e9gmegtakar\u00edt\u00e1s<\/strong>:<\/li><\/ol><ul><li style=\"list-style-type: none;\"><ul><li>Hat\u00e9konyabb k\u00e9szletkezel\u00e9s r\u00e9v\u00e9n cs\u00f6kkenti a felesleges k\u00e9szletez\u00e9s \u00e9s az eszk\u00f6z\u00f6k elveszt\u00e9s\u00e9nek k\u00f6lts\u00e9geit.<\/li><li>Cs\u00f6kkenti az adminisztr\u00e1ci\u00f3s terheket, mivel az eszk\u00f6z\u00f6k nyomon k\u00f6vet\u00e9se automatiz\u00e1lt.<\/li><\/ul><\/li><\/ul><h4>Gyakorlati P\u00e9lda<\/h4><p>Egy k\u00f3rh\u00e1zban a m\u0171t\u00e9ti eszk\u00f6z\u00f6ket RFID c\u00edmk\u00e9kkel l\u00e1tj\u00e1k el. A m\u0171t\u00e9t el\u0151tt a seb\u00e9szeti szetteket egy RFID olvas\u00f3val leolvass\u00e1k, ami r\u00f6gz\u00edti, hogy mely eszk\u00f6z\u00f6k ker\u00fcltek be a m\u0171t\u0151be. A m\u0171t\u00e9t ut\u00e1n az eszk\u00f6z\u00f6ket \u00fajra leolvass\u00e1k, miel\u0151tt visszaker\u00fcln\u00e9nek a steriliz\u00e1l\u00e1sra. Ezzel a m\u00f3dszerrel pontosan nyomon k\u00f6vethet\u0151, hogy mely eszk\u00f6z\u00f6ket haszn\u00e1lt\u00e1k, hol tal\u00e1lhat\u00f3k jelenleg, \u00e9s biztos\u00edthat\u00f3, hogy minden eszk\u00f6z megfelel\u0151en steriliz\u00e1lva legyen a k\u00f6vetkez\u0151 haszn\u00e1lat el\u0151tt.<\/p><p>Az RFID technol\u00f3gia alkalmaz\u00e1sa a seb\u00e9szeti szettek k\u00f6vet\u00e9s\u00e9ben jelent\u0151sen jav\u00edtja a m\u0171t\u0151k hat\u00e9konys\u00e1g\u00e1t \u00e9s a betegbiztons\u00e1got, mik\u00f6zben cs\u00f6kkenti a m\u0171k\u00f6d\u00e9si k\u00f6lts\u00e9geket.<\/p>\t\t\t\t\t\t\t\t<\/div>\n\t\t\t\t<\/div>\n\t\t\t\t\t<\/div>\n\t\t<\/div>\n\t\t\t\t\t<\/div>\n\t\t<\/section>\n\t\t\t\t<section class=\"elementor-section elementor-top-section elementor-element elementor-element-758ccb5 elementor-section-boxed elementor-section-height-default elementor-section-height-default\" data-id=\"758ccb5\" data-element_type=\"section\" data-e-type=\"section\">\n\t\t\t\t\t\t<div class=\"elementor-container elementor-column-gap-default\">\n\t\t\t\t\t<div class=\"aux-parallax-section elementor-column elementor-col-100 elementor-top-column elementor-element elementor-element-c09988f\" data-id=\"c09988f\" data-element_type=\"column\" data-e-type=\"column\">\n\t\t\t<div class=\"elementor-widget-wrap elementor-element-populated\">\n\t\t\t\t\t\t<div class=\"elementor-element elementor-element-a80c44d elementor-widget elementor-widget-heading\" data-id=\"a80c44d\" data-element_type=\"widget\" data-e-type=\"widget\" data-widget_type=\"heading.default\">\n\t\t\t\t<div class=\"elementor-widget-container\">\n\t\t\t\t\t<h2 class=\"elementor-heading-title elementor-size-default\">Konszign\u00e1ci\u00f3s k\u00e9szlet k\u00f6vet\u00e9se<\/h2>\t\t\t\t<\/div>\n\t\t\t\t<\/div>\n\t\t\t\t<div class=\"elementor-element elementor-element-08cf2cb elementor-widget elementor-widget-text-editor\" data-id=\"08cf2cb\" data-element_type=\"widget\" data-e-type=\"widget\" data-widget_type=\"text-editor.default\">\n\t\t\t\t<div class=\"elementor-widget-container\">\n\t\t\t\t\t\t\t\t\t<p>\u00a0A konszign\u00e1ci\u00f3s k\u00e9szlet olyan k\u00e9szlet, amelyet egy sz\u00e1ll\u00edt\u00f3 (gy\u00e1rt\u00f3 vagy forgalmaz\u00f3) egy vev\u0151 (p\u00e9ld\u00e1ul egy k\u00f3rh\u00e1z) telephely\u00e9n helyez el, de a vev\u0151 csak akkor fizet \u00e9rte, amikor t\u00e9nylegesen felhaszn\u00e1lja a k\u00e9szletet. Ez az eg\u00e9szs\u00e9g\u00fcgyben azt jelenti, hogy a k\u00f3rh\u00e1zban l\u00e9v\u0151 orvosi eszk\u00f6z\u00f6k, gy\u00f3gyszerek vagy m\u00e1s k\u00e9szletek a sz\u00e1ll\u00edt\u00f3 tulajdon\u00e1ban maradnak, am\u00edg azokat t\u00e9nylegesen fel nem haszn\u00e1lj\u00e1k a betegek kezel\u00e9s\u00e9re.<\/p>\t\t\t\t\t\t\t\t<\/div>\n\t\t\t\t<\/div>\n\t\t\t\t\t<\/div>\n\t\t<\/div>\n\t\t\t\t\t<\/div>\n\t\t<\/section>\n\t\t\t\t<section class=\"elementor-section elementor-top-section elementor-element elementor-element-177a180 elementor-section-boxed elementor-section-height-default elementor-section-height-default\" data-id=\"177a180\" data-element_type=\"section\" data-e-type=\"section\">\n\t\t\t\t\t\t<div class=\"elementor-container elementor-column-gap-default\">\n\t\t\t\t\t<div class=\"aux-parallax-section elementor-column elementor-col-100 elementor-top-column elementor-element elementor-element-390dc96\" data-id=\"390dc96\" data-element_type=\"column\" data-e-type=\"column\">\n\t\t\t<div class=\"elementor-widget-wrap elementor-element-populated\">\n\t\t\t\t\t\t<div class=\"elementor-element elementor-element-9241497 elementor-widget elementor-widget-heading\" data-id=\"9241497\" data-element_type=\"widget\" data-e-type=\"widget\" data-widget_type=\"heading.default\">\n\t\t\t\t<div class=\"elementor-widget-container\">\n\t\t\t\t\t<h2 class=\"elementor-heading-title elementor-size-default\">Laborat\u00f3riumi berendez\u00e9sek nyomon k\u00f6vet\u00e9se <\/h2>\t\t\t\t<\/div>\n\t\t\t\t<\/div>\n\t\t\t\t<div class=\"elementor-element elementor-element-d90c58e elementor-widget elementor-widget-text-editor\" data-id=\"d90c58e\" data-element_type=\"widget\" data-e-type=\"widget\" data-widget_type=\"text-editor.default\">\n\t\t\t\t<div class=\"elementor-widget-container\">\n\t\t\t\t\t\t\t\t\t<p>Az eg\u00e9szs\u00e9g\u00fcgyi laborat\u00f3riumokban gyakran sz\u00e1mos \u00e9rt\u00e9kes \u00e9s speci\u00e1lis berendez\u00e9st haszn\u00e1lnak, amelyek pontos nyomon k\u00f6vet\u00e9se \u00e9s kezel\u00e9se l\u00e9tfontoss\u00e1g\u00fa a hat\u00e9konys\u00e1g, a biztons\u00e1g \u00e9s a k\u00f6lts\u00e9gcs\u00f6kkent\u00e9s szempontj\u00e1b\u00f3l.<\/p><p>Ez mag\u00e1ban foglalja:<\/p><ol><li><strong>Eszk\u00f6z\u00f6k azonos\u00edt\u00e1sa<\/strong>: Minden laborat\u00f3riumi berendez\u00e9sre RFID c\u00edmk\u00e9t helyeznek el, amely egyedi azonos\u00edt\u00f3t tartalmaz.<\/li><li><strong>Eszk\u00f6z\u00f6k helyzet\u00e9nek nyomon k\u00f6vet\u00e9se<\/strong>: Az RFID olvas\u00f3k val\u00f3s id\u0151ben k\u00f6vetik, hogy a berendez\u00e9sek hol tal\u00e1lhat\u00f3k a laborat\u00f3riumon bel\u00fcl vagy m\u00e1s helyeken.<\/li><li><strong>Karbantart\u00e1s \u00e9s kalibr\u00e1ci\u00f3 kezel\u00e9se<\/strong>: Az eszk\u00f6z\u00f6k karbantart\u00e1si \u00e9s kalibr\u00e1ci\u00f3s id\u0151pontjait k\u00f6nnyen nyomon lehet k\u00f6vetni \u00e9s \u00fctemezni.<\/li><li><strong>K\u00e9szletkezel\u00e9s<\/strong>: Az RFID technol\u00f3gia seg\u00edts\u00e9g\u00e9vel gyorsan \u00e9s pontosan lelt\u00e1rozhatj\u00e1k a laborat\u00f3riumi eszk\u00f6z\u00f6ket, cs\u00f6kkentve a k\u00e9zi lelt\u00e1roz\u00e1s hibalehet\u0151s\u00e9geit \u00e9s id\u0151ig\u00e9ny\u00e9t.<\/li><\/ol>\t\t\t\t\t\t\t\t<\/div>\n\t\t\t\t<\/div>\n\t\t\t\t\t<\/div>\n\t\t<\/div>\n\t\t\t\t\t<\/div>\n\t\t<\/section>\n\t\t\t\t<section class=\"elementor-section elementor-top-section elementor-element elementor-element-c6be8ae elementor-section-boxed elementor-section-height-default elementor-section-height-default\" data-id=\"c6be8ae\" data-element_type=\"section\" data-e-type=\"section\">\n\t\t\t\t\t\t<div class=\"elementor-container elementor-column-gap-default\">\n\t\t\t\t\t<div class=\"aux-parallax-section elementor-column elementor-col-100 elementor-top-column elementor-element elementor-element-8202165\" data-id=\"8202165\" data-element_type=\"column\" data-e-type=\"column\">\n\t\t\t<div class=\"elementor-widget-wrap elementor-element-populated\">\n\t\t\t\t\t\t<div class=\"elementor-element elementor-element-f9e68f7 elementor-widget elementor-widget-heading\" data-id=\"f9e68f7\" data-element_type=\"widget\" data-e-type=\"widget\" data-widget_type=\"heading.default\">\n\t\t\t\t<div class=\"elementor-widget-container\">\n\t\t\t\t\t<h2 class=\"elementor-heading-title elementor-size-default\">T\u00e1rgyi eszk\u00f6z nyilv\u00e1ntart\u00e1s<\/h2>\t\t\t\t<\/div>\n\t\t\t\t<\/div>\n\t\t\t\t<div class=\"elementor-element elementor-element-1160cad elementor-widget elementor-widget-text-editor\" data-id=\"1160cad\" data-element_type=\"widget\" data-e-type=\"widget\" data-widget_type=\"text-editor.default\">\n\t\t\t\t<div class=\"elementor-widget-container\">\n\t\t\t\t\t\t\t\t\t<p>T\u00e1rgyi eszk\u00f6z nyilv\u00e1ntart\u00e1s az eg\u00e9szs\u00e9g\u00fcgyben ugyanazt foglalja mag\u00e1ban mint m\u00e1s ter\u00fcleteken, eszk\u00f6z\u00f6k, b\u00fatorok nyilv\u00e1ntart\u00e1sa, lelt\u00e1roz\u00e1sa, err\u0151l k\u00fcl\u00f6n t\u00e9m\u00e1ban tal\u00e1lhat\u00f3 t\u00f6bb inform\u00e1ci\u00f3.\u00a0<\/p>\t\t\t\t\t\t\t\t<\/div>\n\t\t\t\t<\/div>\n\t\t\t\t\t<\/div>\n\t\t<\/div>\n\t\t\t\t\t<\/div>\n\t\t<\/section>\n\t\t\t\t<section class=\"elementor-section elementor-top-section elementor-element elementor-element-c73c297 elementor-section-boxed elementor-section-height-default elementor-section-height-default\" data-id=\"c73c297\" data-element_type=\"section\" data-e-type=\"section\">\n\t\t\t\t\t\t<div class=\"elementor-container elementor-column-gap-default\">\n\t\t\t\t\t<div class=\"aux-parallax-section elementor-column elementor-col-100 elementor-top-column elementor-element elementor-element-90204a7\" data-id=\"90204a7\" data-element_type=\"column\" data-e-type=\"column\">\n\t\t\t<div class=\"elementor-widget-wrap elementor-element-populated\">\n\t\t\t\t\t\t<div class=\"elementor-element elementor-element-6771006 elementor-widget elementor-widget-heading\" data-id=\"6771006\" data-element_type=\"widget\" data-e-type=\"widget\" data-widget_type=\"heading.default\">\n\t\t\t\t<div class=\"elementor-widget-container\">\n\t\t\t\t\t<h2 class=\"elementor-heading-title elementor-size-default\">H\u0151m\u00e9rs\u00e9kletre \u00e9rz\u00e9keny anyagok k\u00f6vet\u00e9se, nyilv\u00e1ntart\u00e1sa<\/h2>\t\t\t\t<\/div>\n\t\t\t\t<\/div>\n\t\t\t\t<div class=\"elementor-element elementor-element-60470b2 elementor-widget elementor-widget-text-editor\" data-id=\"60470b2\" data-element_type=\"widget\" data-e-type=\"widget\" data-widget_type=\"text-editor.default\">\n\t\t\t\t<div class=\"elementor-widget-container\">\n\t\t\t\t\t\t\t\t\t<p>Ez k\u00fcl\u00f6n\u00f6sen fontos a gy\u00f3gyszerek, vakcin\u00e1k, biol\u00f3giai mint\u00e1k \u00e9s egy\u00e9b anyagok eset\u00e9ben, amelyeknek t\u00e1rol\u00e1sa \u00e9s sz\u00e1ll\u00edt\u00e1sa meghat\u00e1rozott h\u0151m\u00e9rs\u00e9kleti felt\u00e9telek mellett sz\u00fcks\u00e9ges. Az RFID technol\u00f3gia ebben az \u00f6sszef\u00fcgg\u00e9sben is hasznos lehet.<\/p><h3>A technol\u00f3gia alapja:<\/h3><p><strong>RFID c\u00edmk\u00e9k h\u0151m\u00e9rs\u00e9klet-\u00e9rz\u00e9kel\u0151vel:\u00a0<\/strong> ezek speci\u00e1lis RFID c\u00edmk\u00e9k, amelyek be\u00e9p\u00edtett h\u0151m\u00e9rs\u00e9klet-\u00e9rz\u00e9kel\u0151kkel rendelkeznek. Ezek a c\u00edmk\u00e9k nemcsak az anyagok azonos\u00edt\u00e1s\u00e1t, hanem azok h\u0151m\u00e9rs\u00e9klet\u00e9nek val\u00f3s idej\u0171 monitoroz\u00e1s\u00e1t is lehet\u0151v\u00e9 teszik. K\u00e9t nagyobb kateg\u00f3ri\u00e1ba sorolhat\u00f3k:<\/p><ul><li>saj\u00e1t energiaforr\u00e1ssal (elemmel) rendelkez\u0151k: ezek folyamatosan k\u00e9pesek a h\u0151m\u00e9rs\u00e9klet monitoroz\u00e1s\u00e1ra \u00e9s a be\u00e1ll\u00edtott hat\u00e1rok \u00e1tl\u00e9p\u00e9s\u00e9n\u00e9k id\u0151pontjainak r\u00f6gz\u00edt\u00e9s\u00e9re<\/li><li>passz\u00edv m\u0171k\u00f6d\u00e9s\u0171ek: csak az olvas\u00f3 ter\u00e9ben k\u00e9pesek h\u0151m\u00e9rs\u00e9kletadatok m\u00e9r\u00e9s\u00e9re \u00e9s tov\u00e1bb\u00edt\u00e1s\u00e1ra<\/li><\/ul><p>\u00a0<\/p><p>Haszn\u00e1latuk el\u0151nyei:<\/p><ul><li><strong>Pontoss\u00e1g:<\/strong> Az RFID technol\u00f3gia val\u00f3s idej\u0171 \u00e9s pontos h\u0151m\u00e9rs\u00e9kleti adatokat szolg\u00e1ltat, minimaliz\u00e1lva a hibalehet\u0151s\u00e9geket.<\/li><li><strong>Automatiz\u00e1l\u00e1s:<\/strong> Az automatiz\u00e1lt nyomon k\u00f6vet\u00e9s cs\u00f6kkenti a manu\u00e1lis ellen\u0151rz\u00e9s sz\u00fcks\u00e9gess\u00e9g\u00e9t \u00e9s az ezzel j\u00e1r\u00f3 munkaid\u0151t.<\/li><li><strong>Biztons\u00e1g:<\/strong> Az automatikus riaszt\u00e1sok \u00e9s jelent\u00e9sek biztos\u00edtj\u00e1k, hogy a h\u0151m\u00e9rs\u00e9kletre \u00e9rz\u00e9keny anyagok mindig megfelel\u0151 k\u00f6r\u00fclm\u00e9nyek k\u00f6z\u00f6tt legyenek t\u00e1rolva.<\/li><li><strong>K\u00f6vethet\u0151s\u00e9g:<\/strong> Az ell\u00e1t\u00e1si l\u00e1nc minden szakasz\u00e1ban nyomon k\u00f6vethet\u0151ek az anyagok, \u00edgy visszakereshet\u0151, ha valamilyen probl\u00e9ma mer\u00fcl fel.<\/li><\/ul>\t\t\t\t\t\t\t\t<\/div>\n\t\t\t\t<\/div>\n\t\t\t\t\t<\/div>\n\t\t<\/div>\n\t\t\t\t\t<\/div>\n\t\t<\/section>\n\t\t\t\t<section class=\"elementor-section elementor-top-section elementor-element elementor-element-64b6989 elementor-section-boxed elementor-section-height-default elementor-section-height-default\" data-id=\"64b6989\" data-element_type=\"section\" data-e-type=\"section\">\n\t\t\t\t\t\t<div class=\"elementor-container elementor-column-gap-default\">\n\t\t\t\t\t<div class=\"aux-parallax-section elementor-column elementor-col-100 elementor-top-column elementor-element elementor-element-dc2cbbe\" data-id=\"dc2cbbe\" data-element_type=\"column\" data-e-type=\"column\">\n\t\t\t<div class=\"elementor-widget-wrap elementor-element-populated\">\n\t\t\t\t\t\t<div class=\"elementor-element elementor-element-877b1a7 elementor-widget elementor-widget-heading\" data-id=\"877b1a7\" data-element_type=\"widget\" data-e-type=\"widget\" data-widget_type=\"heading.default\">\n\t\t\t\t<div class=\"elementor-widget-container\">\n\t\t\t\t\t<h2 class=\"elementor-heading-title elementor-size-default\">M\u0171t\u0151sruh\u00e1k \u00e9s \u00e1gynem\u0171k mos\u00e1si nyilv\u00e1ntart\u00e1sa<\/h2>\t\t\t\t<\/div>\n\t\t\t\t<\/div>\n\t\t\t\t<div class=\"elementor-element elementor-element-07e912b elementor-widget elementor-widget-text-editor\" data-id=\"07e912b\" data-element_type=\"widget\" data-e-type=\"widget\" data-widget_type=\"text-editor.default\">\n\t\t\t\t<div class=\"elementor-widget-container\">\n\t\t\t\t\t\t\t\t\t<ol><li><strong>M\u0171t\u0151sruh\u00e1k nyomon k\u00f6vet\u00e9se<\/strong>:<ul><li><strong>Ki- \u00e9s bejelentkez\u00e9s<\/strong>: A szem\u00e9lyzet ki- \u00e9s bejelentkezhet a m\u0171t\u0151sruh\u00e1k haszn\u00e1lat\u00e1val, biztos\u00edtva, hogy minden ruhadarab megfelel\u0151en nyomon k\u00f6vethet\u0151 legyen.<\/li><li><strong>Tiszt\u00edt\u00e1s \u00e9s karbantart\u00e1s<\/strong>: Az RFID rendszer r\u00f6gz\u00edti, hogy melyik ruhadarab mikor volt tiszt\u00edtva, \u00e9s jelzi, ha karbantart\u00e1sra vagy cser\u00e9re van sz\u00fcks\u00e9g.<\/li><\/ul><\/li><li><strong>\u00c1gynem\u0171k kezel\u00e9se<\/strong>:<\/li><\/ol><ul><li style=\"list-style-type: none;\"><ul><li><strong>Szennyes kezel\u00e9s<\/strong>: A haszn\u00e1lt \u00e1gynem\u0171k azonos\u00edt\u00e1sa \u00e9s nyomon k\u00f6vet\u00e9se a szennyesgy\u0171jt\u0151ben. Az RFID technol\u00f3gia lehet\u0151v\u00e9 teszi, hogy az \u00e1gynem\u0171k mozg\u00e1s\u00e1t \u00e9s tiszt\u00edt\u00e1si ciklusait pontosan nyomon k\u00f6vess\u00e9k.<\/li><li><strong>K\u00e9szletkezel\u00e9s<\/strong>: Az \u00e1gynem\u0171k pontos nyomon k\u00f6vet\u00e9se seg\u00edt biztos\u00edtani, hogy mindig megfelel\u0151 mennyis\u00e9g\u0171 tiszta \u00e1gynem\u0171 \u00e1lljon rendelkez\u00e9sre.<\/li><\/ul><\/li><\/ul><h4>El\u0151ny\u00f6k:<\/h4><ul><li><strong>Hat\u00e9konys\u00e1g n\u00f6vel\u00e9se<\/strong>: Az RFID technol\u00f3gia automatiz\u00e1lja a m\u0171t\u0151sruh\u00e1k \u00e9s \u00e1gynem\u0171k nyomon k\u00f6vet\u00e9s\u00e9t, cs\u00f6kkentve a manu\u00e1lis adatbevitel sz\u00fcks\u00e9gess\u00e9g\u00e9t \u00e9s az ezzel j\u00e1r\u00f3 hib\u00e1kat.<\/li><li><strong>K\u00f6lts\u00e9gmegtakar\u00edt\u00e1s<\/strong>: A pontos nyomon k\u00f6vet\u00e9s seg\u00edt cs\u00f6kkenteni az elveszett vagy hi\u00e1nyz\u00f3 ruhadarabok \u00e9s \u00e1gynem\u0171k sz\u00e1m\u00e1t, ez\u00e1ltal cs\u00f6kkentve a p\u00f3tl\u00e1si k\u00f6lts\u00e9geket.<\/li><li><strong>Higi\u00e9nia \u00e9s biztons\u00e1g<\/strong>: Az RFID rendszer biztos\u00edtja, hogy a text\u00edli\u00e1k megfelel\u0151en tiszt\u00edtva \u00e9s karbantartva legyenek, ez\u00e1ltal n\u00f6velve a higi\u00e9niai szintet \u00e9s a betegek biztons\u00e1g\u00e1t.<\/li><li><strong>Rugalmas k\u00e9szletkezel\u00e9s<\/strong>: Az eg\u00e9szs\u00e9g\u00fcgyi int\u00e9zm\u00e9nyek val\u00f3s id\u0151ben nyomon k\u00f6vethetik a k\u00e9szleteiket, biztos\u00edtva, hogy mindig elegend\u0151 mennyis\u00e9g\u0171 tiszta m\u0171t\u0151sruha \u00e9s \u00e1gynem\u0171 \u00e1lljon rendelkez\u00e9sre.<\/li><\/ul>\t\t\t\t\t\t\t\t<\/div>\n\t\t\t\t<\/div>\n\t\t\t\t\t<\/div>\n\t\t<\/div>\n\t\t\t\t\t<\/div>\n\t\t<\/section>\n\t\t\t\t<\/div>\n\t\t","protected":false},"excerpt":{"rendered":"<p>RFID megold\u00e1sok az eg\u00e9szs\u00e9g\u00fcgyben Seb\u00e9szeti szettek k\u00f6vet\u00e9se A &#8222;seb\u00e9szeti szettek k\u00f6vet\u00e9se&#8221; az eg\u00e9szs\u00e9g\u00fcgyben RFID (r\u00e1di\u00f3frekvenci\u00e1s azonos\u00edt\u00e1s) technol\u00f3gia alkalmaz\u00e1s\u00e1t jelenti a seb\u00e9szeti eszk\u00f6z\u00f6k \u00e9s szettek nyomon k\u00f6vet\u00e9s\u00e9re. Ez a technol\u00f3gia sz\u00e1mos el\u0151nnyel j\u00e1rhat a k\u00f3rh\u00e1zak \u00e9s klinik\u00e1k sz\u00e1m\u00e1ra, jav\u00edtva az eszk\u00f6zmenedzsmentet, a k\u00e9szletkezel\u00e9st, \u00e9s a betegbiztons\u00e1got. Az al\u00e1bbiakban r\u00e9szletezem, hogyan m\u0171k\u00f6dik \u00e9s milyen el\u0151ny\u00f6ket ny\u00fajt a [&hellip;]<\/p>\n","protected":false},"author":1,"featured_media":0,"parent":0,"menu_order":0,"comment_status":"closed","ping_status":"closed","template":"","meta":{"_seopress_robots_primary_cat":"","_seopress_titles_title":"","_seopress_titles_desc":"","_seopress_robots_index":"","footnotes":""},"class_list":["post-1133","page","type-page","status-publish","hentry"],"_links":{"self":[{"href":"https:\/\/smartfreq.hu\/en\/wp-json\/wp\/v2\/pages\/1133","targetHints":{"allow":["GET"]}}],"collection":[{"href":"https:\/\/smartfreq.hu\/en\/wp-json\/wp\/v2\/pages"}],"about":[{"href":"https:\/\/smartfreq.hu\/en\/wp-json\/wp\/v2\/types\/page"}],"author":[{"embeddable":true,"href":"https:\/\/smartfreq.hu\/en\/wp-json\/wp\/v2\/users\/1"}],"replies":[{"embeddable":true,"href":"https:\/\/smartfreq.hu\/en\/wp-json\/wp\/v2\/comments?post=1133"}],"version-history":[{"count":30,"href":"https:\/\/smartfreq.hu\/en\/wp-json\/wp\/v2\/pages\/1133\/revisions"}],"predecessor-version":[{"id":2461,"href":"https:\/\/smartfreq.hu\/en\/wp-json\/wp\/v2\/pages\/1133\/revisions\/2461"}],"wp:attachment":[{"href":"https:\/\/smartfreq.hu\/en\/wp-json\/wp\/v2\/media?parent=1133"}],"curies":[{"name":"wp","href":"https:\/\/api.w.org\/{rel}","templated":true}]}}