{"id":1187,"date":"2024-06-28T19:52:00","date_gmt":"2024-06-28T17:52:00","guid":{"rendered":"https:\/\/demo.smartfreq.hu\/?page_id=1187"},"modified":"2024-07-29T16:42:54","modified_gmt":"2024-07-29T14:42:54","slug":"rfid-technologia-alkalmazasa-a-kiskereskedelemben","status":"publish","type":"page","link":"https:\/\/smartfreq.hu\/en\/rfid-technologia-alkalmazasa-a-kiskereskedelemben\/","title":{"rendered":"Retail RFID Technology"},"content":{"rendered":"\t\t<div data-elementor-type=\"wp-page\" data-elementor-id=\"1187\" class=\"elementor elementor-1187\" data-elementor-settings=\"{&quot;element_pack_global_tooltip_width&quot;:{&quot;unit&quot;:&quot;px&quot;,&quot;size&quot;:&quot;&quot;,&quot;sizes&quot;:[]},&quot;element_pack_global_tooltip_width_tablet&quot;:{&quot;unit&quot;:&quot;px&quot;,&quot;size&quot;:&quot;&quot;,&quot;sizes&quot;:[]},&quot;element_pack_global_tooltip_width_mobile&quot;:{&quot;unit&quot;:&quot;px&quot;,&quot;size&quot;:&quot;&quot;,&quot;sizes&quot;:[]},&quot;element_pack_global_tooltip_padding&quot;:{&quot;unit&quot;:&quot;px&quot;,&quot;top&quot;:&quot;&quot;,&quot;right&quot;:&quot;&quot;,&quot;bottom&quot;:&quot;&quot;,&quot;left&quot;:&quot;&quot;,&quot;isLinked&quot;:true},&quot;element_pack_global_tooltip_padding_tablet&quot;:{&quot;unit&quot;:&quot;px&quot;,&quot;top&quot;:&quot;&quot;,&quot;right&quot;:&quot;&quot;,&quot;bottom&quot;:&quot;&quot;,&quot;left&quot;:&quot;&quot;,&quot;isLinked&quot;:true},&quot;element_pack_global_tooltip_padding_mobile&quot;:{&quot;unit&quot;:&quot;px&quot;,&quot;top&quot;:&quot;&quot;,&quot;right&quot;:&quot;&quot;,&quot;bottom&quot;:&quot;&quot;,&quot;left&quot;:&quot;&quot;,&quot;isLinked&quot;:true},&quot;element_pack_global_tooltip_border_radius&quot;:{&quot;unit&quot;:&quot;px&quot;,&quot;top&quot;:&quot;&quot;,&quot;right&quot;:&quot;&quot;,&quot;bottom&quot;:&quot;&quot;,&quot;left&quot;:&quot;&quot;,&quot;isLinked&quot;:true},&quot;element_pack_global_tooltip_border_radius_tablet&quot;:{&quot;unit&quot;:&quot;px&quot;,&quot;top&quot;:&quot;&quot;,&quot;right&quot;:&quot;&quot;,&quot;bottom&quot;:&quot;&quot;,&quot;left&quot;:&quot;&quot;,&quot;isLinked&quot;:true},&quot;element_pack_global_tooltip_border_radius_mobile&quot;:{&quot;unit&quot;:&quot;px&quot;,&quot;top&quot;:&quot;&quot;,&quot;right&quot;:&quot;&quot;,&quot;bottom&quot;:&quot;&quot;,&quot;left&quot;:&quot;&quot;,&quot;isLinked&quot;:true}}\">\n\t\t\t\t\t\t<section class=\"elementor-section elementor-top-section elementor-element elementor-element-7d9ab1e elementor-section-boxed elementor-section-height-default elementor-section-height-default\" data-id=\"7d9ab1e\" data-element_type=\"section\" data-e-type=\"section\">\n\t\t\t\t\t\t<div class=\"elementor-container elementor-column-gap-default\">\n\t\t\t\t\t<div class=\"aux-parallax-section elementor-column elementor-col-100 elementor-top-column elementor-element elementor-element-1bf860f\" data-id=\"1bf860f\" data-element_type=\"column\" data-e-type=\"column\">\n\t\t\t<div class=\"elementor-widget-wrap elementor-element-populated\">\n\t\t\t\t\t\t<div class=\"elementor-element elementor-element-bc56bde elementor-widget__width-auto elementor-widget elementor-widget-heading\" data-id=\"bc56bde\" data-element_type=\"widget\" data-e-type=\"widget\" data-settings=\"{&quot;ep_notation_list&quot;:[{&quot;_id&quot;:&quot;bb5eaa1&quot;,&quot;ep_notation_bracket_on&quot;:null,&quot;ep_notation_color&quot;:&quot;#4B66A1&quot;,&quot;ep_notation_stroke_width&quot;:{&quot;unit&quot;:&quot;px&quot;,&quot;size&quot;:3,&quot;sizes&quot;:[]},&quot;__globals__&quot;:{&quot;ep_notation_color&quot;:&quot;&quot;},&quot;ep_notation_select_type&quot;:&quot;widget&quot;,&quot;ep_notation_custom_selector&quot;:null,&quot;ep_notation_type&quot;:&quot;underline&quot;,&quot;ep_notation_anim_duration&quot;:{&quot;unit&quot;:&quot;px&quot;,&quot;size&quot;:800,&quot;sizes&quot;:[]},&quot;ep_notation_waypoint_offset&quot;:&quot;&quot;}],&quot;ep_notation_active&quot;:&quot;yes&quot;}\" data-widget_type=\"heading.default\">\n\t\t\t\t<div class=\"elementor-widget-container\">\n\t\t\t\t\t<h2 class=\"elementor-heading-title elementor-size-default\">RFID technolog\u00f3ia haszn\u00e1lata a kereskedelemeben<\/h2>\t\t\t\t<\/div>\n\t\t\t\t<\/div>\n\t\t\t\t<div class=\"elementor-element elementor-element-8816fd3 elementor-widget elementor-widget-text-editor\" data-id=\"8816fd3\" data-element_type=\"widget\" data-e-type=\"widget\" data-widget_type=\"text-editor.default\">\n\t\t\t\t<div class=\"elementor-widget-container\">\n\t\t\t\t\t\t\t\t\t<p>Az RFID technol\u00f3gia alkalmaz\u00e1sa a kiskereskedelemben sz\u00e1mos ter\u00fcleten el\u0151ny\u00f6s lehet, k\u00fcl\u00f6n\u00f6sen az \u00e1ruk\u00e9szlet \u00e9s anyagkezel\u00e9s ter\u00fclet\u00e9n. \u00cdme n\u00e9h\u00e1ny r\u00e9szlet a kiskereskedelmi \u00e1gazatban haszn\u00e1lt RFID alkalmaz\u00e1sokr\u00f3l:<\/p>\t\t\t\t\t\t\t\t<\/div>\n\t\t\t\t<\/div>\n\t\t\t\t<div class=\"elementor-element elementor-element-7b8efd3 elementor-widget elementor-widget-heading\" data-id=\"7b8efd3\" data-element_type=\"widget\" data-e-type=\"widget\" data-widget_type=\"heading.default\">\n\t\t\t\t<div class=\"elementor-widget-container\">\n\t\t\t\t\t<h2 class=\"elementor-heading-title elementor-size-default\">Kiskereskedelmi \u00e1ruk\u00e9szlet \u00e9s anyagkezel\u00e9s<\/h2>\t\t\t\t<\/div>\n\t\t\t\t<\/div>\n\t\t\t\t<div class=\"elementor-element elementor-element-995d574 elementor-widget elementor-widget-text-editor\" data-id=\"995d574\" data-element_type=\"widget\" data-e-type=\"widget\" data-widget_type=\"text-editor.default\">\n\t\t\t\t<div class=\"elementor-widget-container\">\n\t\t\t\t\t\t\t\t\t<ul><li><p><strong>Automatiz\u00e1lt k\u00e9szletnyilv\u00e1ntart\u00e1s<\/strong>: Az RFID technol\u00f3gia seg\u00edts\u00e9g\u00e9vel automatiz\u00e1ltan nyomon k\u00f6vethet\u0151k az \u00e1ruk\u00e9szletek. Minden term\u00e9k vagy csomaghoz egyedi RFID c\u00edmke rendelhet\u0151, amelyen az adott term\u00e9k azonos\u00edt\u00f3ja \u00e9s egy\u00e9b fontos inform\u00e1ci\u00f3k tal\u00e1lhat\u00f3k.<\/p><\/li><li><p><strong>Pontosabb rakt\u00e1roz\u00e1s \u00e9s kiszolg\u00e1l\u00e1s<\/strong>: RFID olvas\u00f3k be\u00e9p\u00edt\u00e9se a rakt\u00e1rakba lehet\u0151v\u00e9 teszi a gyorsabb \u00e9s pontosabb \u00e1ruk\u00e9szlet kezel\u00e9st. Ez seg\u00edt elker\u00fclni a k\u00e9szlethi\u00e1nyokat \u00e9s optimaliz\u00e1lni a rakt\u00e1rter\u00fcleteket.<\/p><\/li><li><p><strong>K\u00e9szletmozg\u00e1s nyomon k\u00f6vet\u00e9se<\/strong>: Az RFID technol\u00f3gia lehet\u0151v\u00e9 teszi a k\u00e9szletek pontosabb \u00e9s val\u00f3s idej\u0171 k\u00f6vet\u00e9s\u00e9t a rakt\u00e1rakban \u00e9s a sz\u00e1ll\u00edt\u00e1si folyamatok sor\u00e1n. Ez seg\u00edthet az \u00e1ruk gyorsabb \u00e9s hat\u00e9konyabb mozgat\u00e1s\u00e1ban.<\/p><\/li><li><p><strong>Lop\u00e1s- \u00e9s vesztes\u00e9gcs\u00f6kkent\u00e9s<\/strong>: Az RFID c\u00edmk\u00e9kkel ell\u00e1tott term\u00e9kek pontosabb nyomon k\u00f6vet\u00e9se cs\u00f6kkentheti a lop\u00e1s \u00e9s a vesztes\u00e9g kock\u00e1zat\u00e1t a kiskereskedelmi k\u00f6rnyezetben.<\/p><\/li><\/ul>\t\t\t\t\t\t\t\t<\/div>\n\t\t\t\t<\/div>\n\t\t\t\t<div class=\"elementor-element elementor-element-d5c7667 elementor-widget elementor-widget-heading\" data-id=\"d5c7667\" data-element_type=\"widget\" data-e-type=\"widget\" data-widget_type=\"heading.default\">\n\t\t\t\t<div class=\"elementor-widget-container\">\n\t\t\t\t\t<h2 class=\"elementor-heading-title elementor-size-default\">\u00c1ruk\u00e9szlet \u00e9s anyagkezel\u00e9s a kiskereskedelmi \u00fczletekben<\/h2>\t\t\t\t<\/div>\n\t\t\t\t<\/div>\n\t\t\t\t<div class=\"elementor-element elementor-element-c757989 elementor-widget elementor-widget-text-editor\" data-id=\"c757989\" data-element_type=\"widget\" data-e-type=\"widget\" data-widget_type=\"text-editor.default\">\n\t\t\t\t<div class=\"elementor-widget-container\">\n\t\t\t\t\t\t\t\t\t<ol><li><strong>\u00c1ruk\u00e9szletp\u00f3tl\u00e1s \u00e9s \u00e1trendez\u00e9s<\/strong>: Az RFID technol\u00f3gia seg\u00edts\u00e9g\u00e9vel gyorsabban \u00e9s hat\u00e9konyabban reag\u00e1lhatnak az \u00fczletek az \u00e1ruk\u00e9szlet p\u00f3tl\u00e1s\u00e1ra \u00e9s az \u00e1ruk \u00e1trendez\u00e9s\u00e9re az elad\u00e1si trendek alapj\u00e1n.<\/li><li><strong>Poz\u00edcion\u00e1l\u00e1s \u00e9s merchandising optimaliz\u00e1l\u00e1s<\/strong>: RFID olvas\u00f3k haszn\u00e1lat\u00e1val k\u00f6nnyebb\u00e9 v\u00e1lik az \u00e1ruk poz\u00edcion\u00e1l\u00e1s\u00e1nak \u00e9s a merchandising elemek optimaliz\u00e1l\u00e1sa az \u00fczletben. Ez n\u00f6velheti az elad\u00e1sokat \u00e9s jav\u00edthatja az \u00fczleti eredm\u00e9nyeket.<\/li><li><strong>Vev\u0151i \u00e9lm\u00e9ny jav\u00edt\u00e1sa<\/strong>: Az automatiz\u00e1lt k\u00e9szletkezel\u00e9s \u00e9s a pontos k\u00e9szletinform\u00e1ci\u00f3k seg\u00edthetik a kiskeresked\u0151ket abban, hogy gyorsan reag\u00e1ljanak a v\u00e1s\u00e1rl\u00f3k k\u00e9r\u00e9seire \u00e9s jav\u00edts\u00e1k a v\u00e1s\u00e1rl\u00f3i \u00e9lm\u00e9nyt.<\/li><li><strong>K\u00f6lts\u00e9gek cs\u00f6kkent\u00e9se \u00e9s hat\u00e9konys\u00e1g n\u00f6vel\u00e9se<\/strong>: Az RFID technol\u00f3gia alkalmaz\u00e1sa cs\u00f6kkentheti a k\u00e9szletkezel\u00e9si k\u00f6lts\u00e9geket \u00e9s n\u00f6velheti a munkaer\u0151 hat\u00e9konys\u00e1g\u00e1t a kiskereskedelmi k\u00f6rnyezetben.<\/li><\/ol><p>Az RFID technol\u00f3gia integr\u00e1l\u00e1sa ezekben a kiskereskedelmi alkateg\u00f3ri\u00e1kban lehet\u0151s\u00e9get ad a pontosabb \u00e9s hat\u00e9konyabb \u00e1ruk\u00e9szletkezel\u00e9sre, ami n\u00f6velheti a kiskereskedelmi v\u00e1llalkoz\u00e1sok versenyk\u00e9pess\u00e9g\u00e9t \u00e9s \u00fczleti eredm\u00e9nyeit.<\/p>\t\t\t\t\t\t\t\t<\/div>\n\t\t\t\t<\/div>\n\t\t\t\t\t<\/div>\n\t\t<\/div>\n\t\t\t\t\t<\/div>\n\t\t<\/section>\n\t\t\t\t<\/div>\n\t\t","protected":false},"excerpt":{"rendered":"<p>RFID technolog\u00f3ia haszn\u00e1lata a kereskedelemeben Az RFID technol\u00f3gia alkalmaz\u00e1sa a kiskereskedelemben sz\u00e1mos ter\u00fcleten el\u0151ny\u00f6s lehet, k\u00fcl\u00f6n\u00f6sen az \u00e1ruk\u00e9szlet \u00e9s anyagkezel\u00e9s ter\u00fclet\u00e9n. \u00cdme n\u00e9h\u00e1ny r\u00e9szlet a kiskereskedelmi \u00e1gazatban haszn\u00e1lt RFID alkalmaz\u00e1sokr\u00f3l: Kiskereskedelmi \u00e1ruk\u00e9szlet \u00e9s anyagkezel\u00e9s Automatiz\u00e1lt k\u00e9szletnyilv\u00e1ntart\u00e1s: Az RFID technol\u00f3gia seg\u00edts\u00e9g\u00e9vel automatiz\u00e1ltan nyomon k\u00f6vethet\u0151k az \u00e1ruk\u00e9szletek. Minden term\u00e9k vagy csomaghoz egyedi RFID c\u00edmke rendelhet\u0151, amelyen az [&hellip;]<\/p>\n","protected":false},"author":1,"featured_media":0,"parent":0,"menu_order":0,"comment_status":"closed","ping_status":"closed","template":"","meta":{"_seopress_robots_primary_cat":"","_seopress_titles_title":"","_seopress_titles_desc":"","_seopress_robots_index":"","footnotes":""},"class_list":["post-1187","page","type-page","status-publish","hentry"],"_links":{"self":[{"href":"https:\/\/smartfreq.hu\/en\/wp-json\/wp\/v2\/pages\/1187","targetHints":{"allow":["GET"]}}],"collection":[{"href":"https:\/\/smartfreq.hu\/en\/wp-json\/wp\/v2\/pages"}],"about":[{"href":"https:\/\/smartfreq.hu\/en\/wp-json\/wp\/v2\/types\/page"}],"author":[{"embeddable":true,"href":"https:\/\/smartfreq.hu\/en\/wp-json\/wp\/v2\/users\/1"}],"replies":[{"embeddable":true,"href":"https:\/\/smartfreq.hu\/en\/wp-json\/wp\/v2\/comments?post=1187"}],"version-history":[{"count":16,"href":"https:\/\/smartfreq.hu\/en\/wp-json\/wp\/v2\/pages\/1187\/revisions"}],"predecessor-version":[{"id":2452,"href":"https:\/\/smartfreq.hu\/en\/wp-json\/wp\/v2\/pages\/1187\/revisions\/2452"}],"wp:attachment":[{"href":"https:\/\/smartfreq.hu\/en\/wp-json\/wp\/v2\/media?parent=1187"}],"curies":[{"name":"wp","href":"https:\/\/api.w.org\/{rel}","templated":true}]}}